{"id":5,"date":"2012-03-10T16:56:54","date_gmt":"2012-03-10T16:56:54","guid":{"rendered":"http:\/\/helloromabb.com\/wp\/?page_id=5"},"modified":"2020-05-03T01:09:40","modified_gmt":"2020-05-03T01:09:40","slug":"hello-roma-bed-and-breakfast","status":"publish","type":"page","link":"https:\/\/helloromabb.com\/en\/hello-roma-bed-and-breakfast\/","title":{"rendered":"Bed and Breakfast"},"content":{"rendered":"<p><a href=\"http:\/\/helloromabb.com\/wp\/wp-content\/uploads\/2015\/03\/heRoma-WTC1.jpg\"><img loading=\"lazy\" decoding=\"async\" class=\"alignnone size-full wp-image-303\" alt=\"heRoma-WTC1\" src=\"http:\/\/helloromabb.com\/wp\/wp-content\/uploads\/2015\/03\/heRoma-WTC1.jpg\" width=\"292\" height=\"187\" \/><\/a>Riconosciuto dalla Societ\u00e0 per la Promozione del Turismo, Hello Roma B&amp;B \u00e8 il luogo ideale da cui esplorare la citt\u00e0 e la sua incredibile bellezza.<\/p>","protected":false},"excerpt":{"rendered":"<p>Riconosciuto dalla Societ\u00e0 per la Promozione del Turismo, Hello Roma B&amp;B \u00e8 il luogo ideale da cui esplorare la citt\u00e0 e la sua incredibile bellezza.<\/p>\n","protected":false},"author":1,"featured_media":0,"parent":0,"menu_order":0,"comment_status":"closed","ping_status":"closed","template":"","meta":{"footnotes":""},"class_list":["post-5","page","type-page","status-publish","hentry"],"acf":[],"_links":{"self":[{"href":"https:\/\/helloromabb.com\/en\/wp-json\/wp\/v2\/pages\/5","targetHints":{"allow":["GET"]}}],"collection":[{"href":"https:\/\/helloromabb.com\/en\/wp-json\/wp\/v2\/pages"}],"about":[{"href":"https:\/\/helloromabb.com\/en\/wp-json\/wp\/v2\/types\/page"}],"author":[{"embeddable":true,"href":"https:\/\/helloromabb.com\/en\/wp-json\/wp\/v2\/users\/1"}],"replies":[{"embeddable":true,"href":"https:\/\/helloromabb.com\/en\/wp-json\/wp\/v2\/comments?post=5"}],"version-history":[{"count":22,"href":"https:\/\/helloromabb.com\/en\/wp-json\/wp\/v2\/pages\/5\/revisions"}],"predecessor-version":[{"id":874,"href":"https:\/\/helloromabb.com\/en\/wp-json\/wp\/v2\/pages\/5\/revisions\/874"}],"wp:attachment":[{"href":"https:\/\/helloromabb.com\/en\/wp-json\/wp\/v2\/media?parent=5"}],"curies":[{"name":"wp","href":"https:\/\/api.w.org\/{rel}","templated":true}]}}